{"id":118,"date":"2024-12-19T17:13:55","date_gmt":"2024-12-19T17:13:55","guid":{"rendered":"https:\/\/eluniversal.tv\/?page_id=118"},"modified":"2024-12-19T17:17:45","modified_gmt":"2024-12-19T17:17:45","slug":"recetas-2","status":"publish","type":"page","link":"https:\/\/eluniversal.tv\/?page_id=118","title":{"rendered":"Tarot"},"content":{"rendered":"\t\t<div data-elementor-type=\"wp-page\" data-elementor-id=\"118\" class=\"elementor elementor-118\" data-elementor-post-type=\"page\">\n\t\t\t\t<div class=\"elementor-element elementor-element-be9624a e-flex e-con-boxed e-con e-parent\" data-id=\"be9624a\" data-element_type=\"container\">\n\t\t\t\t\t<div class=\"e-con-inner\">\n\t\t\t\t<div class=\"elementor-element elementor-element-8c9f4b5 elementor-widget elementor-widget-heading\" data-id=\"8c9f4b5\" data-element_type=\"widget\" data-widget_type=\"heading.default\">\n\t\t\t\t<div class=\"elementor-widget-container\">\n\t\t\t\t\t<h2 class=\"elementor-heading-title elementor-size-default\">TAROT<\/h2>\t\t\t\t<\/div>\n\t\t\t\t<\/div>\n\t\t\t\t\t<\/div>\n\t\t\t\t<\/div>\n\t\t<div class=\"elementor-element elementor-element-d10e567 e-flex e-con-boxed e-con e-parent\" data-id=\"d10e567\" data-element_type=\"container\">\n\t\t\t\t\t<div class=\"e-con-inner\">\n\t\t\t\t<div class=\"elementor-element elementor-element-3ea0ab4 elementor-grid-2 elementor-grid-tablet-2 elementor-grid-mobile-1 elementor-posts--thumbnail-top elementor-widget elementor-widget-posts\" data-id=\"3ea0ab4\" data-element_type=\"widget\" data-settings=\"{&quot;classic_columns&quot;:&quot;2&quot;,&quot;classic_columns_tablet&quot;:&quot;2&quot;,&quot;classic_columns_mobile&quot;:&quot;1&quot;,&quot;classic_row_gap&quot;:{&quot;unit&quot;:&quot;px&quot;,&quot;size&quot;:35,&quot;sizes&quot;:[]},&quot;classic_row_gap_tablet&quot;:{&quot;unit&quot;:&quot;px&quot;,&quot;size&quot;:&quot;&quot;,&quot;sizes&quot;:[]},&quot;classic_row_gap_mobile&quot;:{&quot;unit&quot;:&quot;px&quot;,&quot;size&quot;:&quot;&quot;,&quot;sizes&quot;:[]}}\" data-widget_type=\"posts.classic\">\n\t\t\t\t<div class=\"elementor-widget-container\">\n\t\t\t\t\t\t\t<div class=\"elementor-posts-container elementor-posts elementor-posts--skin-classic elementor-grid\" role=\"list\">\n\t\t\t\t<article class=\"elementor-post elementor-grid-item post-101 post type-post status-publish format-standard has-post-thumbnail hentry category-tarot-universaltv\" role=\"listitem\">\n\t\t\t\t<a class=\"elementor-post__thumbnail__link\" href=\"https:\/\/eluniversal.tv\/?p=101\" tabindex=\"-1\" >\n\t\t\t<div class=\"elementor-post__thumbnail\"><img fetchpriority=\"high\" decoding=\"async\" width=\"300\" height=\"169\" src=\"https:\/\/eluniversal.tv\/wp-content\/uploads\/2024\/12\/1734628123_maxresdefault-300x169.jpg\" class=\"attachment-medium size-medium wp-image-102\" alt=\"\" srcset=\"https:\/\/eluniversal.tv\/wp-content\/uploads\/2024\/12\/1734628123_maxresdefault-300x169.jpg 300w, https:\/\/eluniversal.tv\/wp-content\/uploads\/2024\/12\/1734628123_maxresdefault-1024x576.jpg 1024w, https:\/\/eluniversal.tv\/wp-content\/uploads\/2024\/12\/1734628123_maxresdefault-768x432.jpg 768w, https:\/\/eluniversal.tv\/wp-content\/uploads\/2024\/12\/1734628123_maxresdefault.jpg 1280w\" sizes=\"(max-width: 300px) 100vw, 300px\" \/><\/div>\n\t\t<\/a>\n\t\t\t\t<div class=\"elementor-post__text\">\n\t\t\t\t<h3 class=\"elementor-post__title\">\n\t\t\t<a href=\"https:\/\/eluniversal.tv\/?p=101\" >\n\t\t\t\tTuTaroTero &#8211; Cartas del Tarot &#8211; El Mundo\t\t\t<\/a>\n\t\t<\/h3>\n\t\t\t\t<div class=\"elementor-post__excerpt\">\n\t\t\t<p>El Mundo es la \u00faltima carta de los Arcanos Mayores y el cumplimiento de todos ellos si las lecciones se han aplicado correctamente. El Mundo representa el \u00e9xito a trav\u00e9s<\/p>\n\t\t<\/div>\n\t\t\n\t\t<a class=\"elementor-post__read-more\" href=\"https:\/\/eluniversal.tv\/?p=101\" aria-label=\"Read more about TuTaroTero &#8211; Cartas del Tarot &#8211; El Mundo\" tabindex=\"-1\" >\n\t\t\tLeer m\u00e1s\t\t<\/a>\n\n\t\t\t\t<\/div>\n\t\t\t\t<\/article>\n\t\t\t\t<article class=\"elementor-post elementor-grid-item post-99 post type-post status-publish format-standard has-post-thumbnail hentry category-tarot-universaltv\" role=\"listitem\">\n\t\t\t\t<a class=\"elementor-post__thumbnail__link\" href=\"https:\/\/eluniversal.tv\/?p=99\" tabindex=\"-1\" >\n\t\t\t<div class=\"elementor-post__thumbnail\"><img decoding=\"async\" width=\"300\" height=\"169\" src=\"https:\/\/eluniversal.tv\/wp-content\/uploads\/2024\/12\/1734628118_maxresdefault-300x169.jpg\" class=\"attachment-medium size-medium wp-image-100\" alt=\"\" srcset=\"https:\/\/eluniversal.tv\/wp-content\/uploads\/2024\/12\/1734628118_maxresdefault-300x169.jpg 300w, https:\/\/eluniversal.tv\/wp-content\/uploads\/2024\/12\/1734628118_maxresdefault-1024x576.jpg 1024w, https:\/\/eluniversal.tv\/wp-content\/uploads\/2024\/12\/1734628118_maxresdefault-768x432.jpg 768w, https:\/\/eluniversal.tv\/wp-content\/uploads\/2024\/12\/1734628118_maxresdefault.jpg 1280w\" sizes=\"(max-width: 300px) 100vw, 300px\" \/><\/div>\n\t\t<\/a>\n\t\t\t\t<div class=\"elementor-post__text\">\n\t\t\t\t<h3 class=\"elementor-post__title\">\n\t\t\t<a href=\"https:\/\/eluniversal.tv\/?p=99\" >\n\t\t\t\tTuTaroTero &#8211; Cartas del Tarot &#8211; El Mago\t\t\t<\/a>\n\t\t<\/h3>\n\t\t\t\t<div class=\"elementor-post__excerpt\">\n\t\t\t<p>El Mago nos muestra c\u00f3mo comunicarnos, c\u00f3mo vender nuestras ideas, c\u00f3mo desarrollar el ingenio y otras habilidades, c\u00f3mo solucionar los problemas, c\u00f3mo abordar diferentes cosas al mismo tiempo. \u00bfQu\u00e9 hace<\/p>\n\t\t<\/div>\n\t\t\n\t\t<a class=\"elementor-post__read-more\" href=\"https:\/\/eluniversal.tv\/?p=99\" aria-label=\"Read more about TuTaroTero &#8211; Cartas del Tarot &#8211; El Mago\" tabindex=\"-1\" >\n\t\t\tLeer m\u00e1s\t\t<\/a>\n\n\t\t\t\t<\/div>\n\t\t\t\t<\/article>\n\t\t\t\t<article class=\"elementor-post elementor-grid-item post-97 post type-post status-publish format-standard has-post-thumbnail hentry category-tarot-universaltv\" role=\"listitem\">\n\t\t\t\t<a class=\"elementor-post__thumbnail__link\" href=\"https:\/\/eluniversal.tv\/?p=97\" tabindex=\"-1\" >\n\t\t\t<div class=\"elementor-post__thumbnail\"><img decoding=\"async\" width=\"300\" height=\"169\" src=\"https:\/\/eluniversal.tv\/wp-content\/uploads\/2024\/12\/1734628114_maxresdefault-300x169.jpg\" class=\"attachment-medium size-medium wp-image-98\" alt=\"\" srcset=\"https:\/\/eluniversal.tv\/wp-content\/uploads\/2024\/12\/1734628114_maxresdefault-300x169.jpg 300w, https:\/\/eluniversal.tv\/wp-content\/uploads\/2024\/12\/1734628114_maxresdefault-1024x576.jpg 1024w, https:\/\/eluniversal.tv\/wp-content\/uploads\/2024\/12\/1734628114_maxresdefault-768x432.jpg 768w, https:\/\/eluniversal.tv\/wp-content\/uploads\/2024\/12\/1734628114_maxresdefault.jpg 1280w\" sizes=\"(max-width: 300px) 100vw, 300px\" \/><\/div>\n\t\t<\/a>\n\t\t\t\t<div class=\"elementor-post__text\">\n\t\t\t\t<h3 class=\"elementor-post__title\">\n\t\t\t<a href=\"https:\/\/eluniversal.tv\/?p=97\" >\n\t\t\t\tTuTaroTero &#8211; Cartas del Tarot &#8211; El Loco\t\t\t<\/a>\n\t\t<\/h3>\n\t\t\t\t<div class=\"elementor-post__excerpt\">\n\t\t\t<p>El Loco nos recuerda que debemos fomentar nuestra individualidad y no ponerla en peligro. Siente una aversi\u00f3n instintiva por la autoridad y detesta que los dem\u00e1s le den \u00f3rdenes. Necesita<\/p>\n\t\t<\/div>\n\t\t\n\t\t<a class=\"elementor-post__read-more\" href=\"https:\/\/eluniversal.tv\/?p=97\" aria-label=\"Read more about TuTaroTero &#8211; Cartas del Tarot &#8211; El Loco\" tabindex=\"-1\" >\n\t\t\tLeer m\u00e1s\t\t<\/a>\n\n\t\t\t\t<\/div>\n\t\t\t\t<\/article>\n\t\t\t\t<article class=\"elementor-post elementor-grid-item post-95 post type-post status-publish format-standard has-post-thumbnail hentry category-tarot-universaltv\" role=\"listitem\">\n\t\t\t\t<a class=\"elementor-post__thumbnail__link\" href=\"https:\/\/eluniversal.tv\/?p=95\" tabindex=\"-1\" >\n\t\t\t<div class=\"elementor-post__thumbnail\"><img loading=\"lazy\" decoding=\"async\" width=\"300\" height=\"169\" src=\"https:\/\/eluniversal.tv\/wp-content\/uploads\/2024\/12\/1734628110_maxresdefault-300x169.jpg\" class=\"attachment-medium size-medium wp-image-96\" alt=\"\" srcset=\"https:\/\/eluniversal.tv\/wp-content\/uploads\/2024\/12\/1734628110_maxresdefault-300x169.jpg 300w, https:\/\/eluniversal.tv\/wp-content\/uploads\/2024\/12\/1734628110_maxresdefault-1024x576.jpg 1024w, https:\/\/eluniversal.tv\/wp-content\/uploads\/2024\/12\/1734628110_maxresdefault-768x432.jpg 768w, https:\/\/eluniversal.tv\/wp-content\/uploads\/2024\/12\/1734628110_maxresdefault.jpg 1280w\" sizes=\"(max-width: 300px) 100vw, 300px\" \/><\/div>\n\t\t<\/a>\n\t\t\t\t<div class=\"elementor-post__text\">\n\t\t\t\t<h3 class=\"elementor-post__title\">\n\t\t\t<a href=\"https:\/\/eluniversal.tv\/?p=95\" >\n\t\t\t\tTuTaroTero &#8211; Cartas del Tarot &#8211; El Juicio\t\t\t<\/a>\n\t\t<\/h3>\n\t\t\t\t<div class=\"elementor-post__excerpt\">\n\t\t\t<p>Esta carta significa el resurgir de un proyecto, una cuesti\u00f3n que hab\u00edas dado por perdida y que ahora podr\u00e1s retomar y finalizar. Tambi\u00e9n representa la sensaci\u00f3n de alivio que se<\/p>\n\t\t<\/div>\n\t\t\n\t\t<a class=\"elementor-post__read-more\" href=\"https:\/\/eluniversal.tv\/?p=95\" aria-label=\"Read more about TuTaroTero &#8211; Cartas del Tarot &#8211; El Juicio\" tabindex=\"-1\" >\n\t\t\tLeer m\u00e1s\t\t<\/a>\n\n\t\t\t\t<\/div>\n\t\t\t\t<\/article>\n\t\t\t\t<article class=\"elementor-post elementor-grid-item post-93 post type-post status-publish format-standard has-post-thumbnail hentry category-tarot-universaltv\" role=\"listitem\">\n\t\t\t\t<a class=\"elementor-post__thumbnail__link\" href=\"https:\/\/eluniversal.tv\/?p=93\" tabindex=\"-1\" >\n\t\t\t<div class=\"elementor-post__thumbnail\"><img loading=\"lazy\" decoding=\"async\" width=\"300\" height=\"225\" src=\"https:\/\/eluniversal.tv\/wp-content\/uploads\/2024\/12\/1734628107_hqdefault-300x225.jpg\" class=\"attachment-medium size-medium wp-image-94\" alt=\"\" srcset=\"https:\/\/eluniversal.tv\/wp-content\/uploads\/2024\/12\/1734628107_hqdefault-300x225.jpg 300w, https:\/\/eluniversal.tv\/wp-content\/uploads\/2024\/12\/1734628107_hqdefault.jpg 480w\" sizes=\"(max-width: 300px) 100vw, 300px\" \/><\/div>\n\t\t<\/a>\n\t\t\t\t<div class=\"elementor-post__text\">\n\t\t\t\t<h3 class=\"elementor-post__title\">\n\t\t\t<a href=\"https:\/\/eluniversal.tv\/?p=93\" >\n\t\t\t\tTuTaroTero &#8211; Cartas del Tarot &#8211; El Ermita\u00f1o\t\t\t<\/a>\n\t\t<\/h3>\n\t\t\t\t<div class=\"elementor-post__excerpt\">\n\t\t\t<p>El Ermita\u00f1o nos muestra que los momentos de soledad no han de constituir, forzosamente, una experiencia amarga: la soledad nos brinda la oportunidad de analizarnos en profundidad a nosotros mismos<\/p>\n\t\t<\/div>\n\t\t\n\t\t<a class=\"elementor-post__read-more\" href=\"https:\/\/eluniversal.tv\/?p=93\" aria-label=\"Read more about TuTaroTero &#8211; Cartas del Tarot &#8211; El Ermita\u00f1o\" tabindex=\"-1\" >\n\t\t\tLeer m\u00e1s\t\t<\/a>\n\n\t\t\t\t<\/div>\n\t\t\t\t<\/article>\n\t\t\t\t<article class=\"elementor-post elementor-grid-item post-91 post type-post status-publish format-standard has-post-thumbnail hentry category-tarot-universaltv\" role=\"listitem\">\n\t\t\t\t<a class=\"elementor-post__thumbnail__link\" href=\"https:\/\/eluniversal.tv\/?p=91\" tabindex=\"-1\" >\n\t\t\t<div class=\"elementor-post__thumbnail\"><img loading=\"lazy\" decoding=\"async\" width=\"300\" height=\"169\" src=\"https:\/\/eluniversal.tv\/wp-content\/uploads\/2024\/12\/1734628103_maxresdefault-300x169.jpg\" class=\"attachment-medium size-medium wp-image-92\" alt=\"\" srcset=\"https:\/\/eluniversal.tv\/wp-content\/uploads\/2024\/12\/1734628103_maxresdefault-300x169.jpg 300w, https:\/\/eluniversal.tv\/wp-content\/uploads\/2024\/12\/1734628103_maxresdefault-1024x576.jpg 1024w, https:\/\/eluniversal.tv\/wp-content\/uploads\/2024\/12\/1734628103_maxresdefault-768x432.jpg 768w, https:\/\/eluniversal.tv\/wp-content\/uploads\/2024\/12\/1734628103_maxresdefault.jpg 1280w\" sizes=\"(max-width: 300px) 100vw, 300px\" \/><\/div>\n\t\t<\/a>\n\t\t\t\t<div class=\"elementor-post__text\">\n\t\t\t\t<h3 class=\"elementor-post__title\">\n\t\t\t<a href=\"https:\/\/eluniversal.tv\/?p=91\" >\n\t\t\t\tTuTaroTero &#8211; Cartas del Tarot &#8211; El Emperador\t\t\t<\/a>\n\t\t<\/h3>\n\t\t\t\t<div class=\"elementor-post__excerpt\">\n\t\t\t<p>La figura del Emperador dice mucho sobre las cualidades esenciales de esta carta. Vemos una severa y dominante figura sentada en un trono de losa de piedra. Su espalda es<\/p>\n\t\t<\/div>\n\t\t\n\t\t<a class=\"elementor-post__read-more\" href=\"https:\/\/eluniversal.tv\/?p=91\" aria-label=\"Read more about TuTaroTero &#8211; Cartas del Tarot &#8211; El Emperador\" tabindex=\"-1\" >\n\t\t\tLeer m\u00e1s\t\t<\/a>\n\n\t\t\t\t<\/div>\n\t\t\t\t<\/article>\n\t\t\t\t<\/div>\n\t\t\n\t\t\t\t\t\t<\/div>\n\t\t\t\t<\/div>\n\t\t\t\t\t<\/div>\n\t\t\t\t<\/div>\n\t\t\t\t<\/div>\n\t\t","protected":false},"excerpt":{"rendered":"<p>TAROT<\/p>\n","protected":false},"author":1,"featured_media":0,"parent":0,"menu_order":0,"comment_status":"closed","ping_status":"closed","template":"","meta":{"footnotes":""},"class_list":["post-118","page","type-page","status-publish","hentry"],"_links":{"self":[{"href":"https:\/\/eluniversal.tv\/index.php?rest_route=\/wp\/v2\/pages\/118","targetHints":{"allow":["GET"]}}],"collection":[{"href":"https:\/\/eluniversal.tv\/index.php?rest_route=\/wp\/v2\/pages"}],"about":[{"href":"https:\/\/eluniversal.tv\/index.php?rest_route=\/wp\/v2\/types\/page"}],"author":[{"embeddable":true,"href":"https:\/\/eluniversal.tv\/index.php?rest_route=\/wp\/v2\/users\/1"}],"replies":[{"embeddable":true,"href":"https:\/\/eluniversal.tv\/index.php?rest_route=%2Fwp%2Fv2%2Fcomments&post=118"}],"version-history":[{"count":6,"href":"https:\/\/eluniversal.tv\/index.php?rest_route=\/wp\/v2\/pages\/118\/revisions"}],"predecessor-version":[{"id":124,"href":"https:\/\/eluniversal.tv\/index.php?rest_route=\/wp\/v2\/pages\/118\/revisions\/124"}],"wp:attachment":[{"href":"https:\/\/eluniversal.tv\/index.php?rest_route=%2Fwp%2Fv2%2Fmedia&parent=118"}],"curies":[{"name":"wp","href":"https:\/\/api.w.org\/{rel}","templated":true}]}}