{"id":57,"date":"2024-12-19T16:41:40","date_gmt":"2024-12-19T16:41:40","guid":{"rendered":"https:\/\/eluniversal.tv\/?page_id=57"},"modified":"2024-12-19T16:54:17","modified_gmt":"2024-12-19T16:54:17","slug":"recetas","status":"publish","type":"page","link":"https:\/\/eluniversal.tv\/?page_id=57","title":{"rendered":"Recetas"},"content":{"rendered":"\t\t<div data-elementor-type=\"wp-page\" data-elementor-id=\"57\" class=\"elementor elementor-57\" data-elementor-post-type=\"page\">\n\t\t\t\t<div class=\"elementor-element elementor-element-be9624a e-flex e-con-boxed e-con e-parent\" data-id=\"be9624a\" data-element_type=\"container\">\n\t\t\t\t\t<div class=\"e-con-inner\">\n\t\t\t\t<div class=\"elementor-element elementor-element-8c9f4b5 elementor-widget elementor-widget-heading\" data-id=\"8c9f4b5\" data-element_type=\"widget\" data-widget_type=\"heading.default\">\n\t\t\t\t<div class=\"elementor-widget-container\">\n\t\t\t\t\t<h2 class=\"elementor-heading-title elementor-size-default\">RECETAS<\/h2>\t\t\t\t<\/div>\n\t\t\t\t<\/div>\n\t\t\t\t\t<\/div>\n\t\t\t\t<\/div>\n\t\t<div class=\"elementor-element elementor-element-d10e567 e-flex e-con-boxed e-con e-parent\" data-id=\"d10e567\" data-element_type=\"container\">\n\t\t\t\t\t<div class=\"e-con-inner\">\n\t\t\t\t<div class=\"elementor-element elementor-element-3ea0ab4 elementor-grid-2 elementor-grid-tablet-2 elementor-grid-mobile-1 elementor-posts--thumbnail-top elementor-widget elementor-widget-posts\" data-id=\"3ea0ab4\" data-element_type=\"widget\" data-settings=\"{&quot;classic_columns&quot;:&quot;2&quot;,&quot;classic_columns_tablet&quot;:&quot;2&quot;,&quot;classic_columns_mobile&quot;:&quot;1&quot;,&quot;classic_row_gap&quot;:{&quot;unit&quot;:&quot;px&quot;,&quot;size&quot;:35,&quot;sizes&quot;:[]},&quot;classic_row_gap_tablet&quot;:{&quot;unit&quot;:&quot;px&quot;,&quot;size&quot;:&quot;&quot;,&quot;sizes&quot;:[]},&quot;classic_row_gap_mobile&quot;:{&quot;unit&quot;:&quot;px&quot;,&quot;size&quot;:&quot;&quot;,&quot;sizes&quot;:[]}}\" data-widget_type=\"posts.classic\">\n\t\t\t\t<div class=\"elementor-widget-container\">\n\t\t\t\t\t\t\t<div class=\"elementor-posts-container elementor-posts elementor-posts--skin-classic elementor-grid\" role=\"list\">\n\t\t\t\t<article class=\"elementor-post elementor-grid-item post-584 post type-post status-publish format-standard has-post-thumbnail hentry category-recetas-universaltv\" role=\"listitem\">\n\t\t\t\t<a class=\"elementor-post__thumbnail__link\" href=\"https:\/\/eluniversal.tv\/?p=584\" tabindex=\"-1\" >\n\t\t\t<div class=\"elementor-post__thumbnail\"><img fetchpriority=\"high\" decoding=\"async\" width=\"300\" height=\"169\" src=\"https:\/\/eluniversal.tv\/wp-content\/uploads\/2025\/02\/1740070610_maxresdefault-300x169.jpg\" class=\"attachment-medium size-medium wp-image-585\" alt=\"\" srcset=\"https:\/\/eluniversal.tv\/wp-content\/uploads\/2025\/02\/1740070610_maxresdefault-300x169.jpg 300w, https:\/\/eluniversal.tv\/wp-content\/uploads\/2025\/02\/1740070610_maxresdefault-1024x576.jpg 1024w, https:\/\/eluniversal.tv\/wp-content\/uploads\/2025\/02\/1740070610_maxresdefault-768x432.jpg 768w, https:\/\/eluniversal.tv\/wp-content\/uploads\/2025\/02\/1740070610_maxresdefault.jpg 1280w\" sizes=\"(max-width: 300px) 100vw, 300px\" \/><\/div>\n\t\t<\/a>\n\t\t\t\t<div class=\"elementor-post__text\">\n\t\t\t\t<h3 class=\"elementor-post__title\">\n\t\t\t<a href=\"https:\/\/eluniversal.tv\/?p=584\" >\n\t\t\t\tEmpleos que la IA reemplazar\u00e1 en 2030\t\t\t<\/a>\n\t\t<\/h3>\n\t\t\t\t<div class=\"elementor-post__excerpt\">\n\t\t\t<p>La inteligencia artificial cambiar\u00e1 el mercado laboral para 2030. Algunos empleos se perder\u00e1n, pero surgir\u00e1n nuevos. Conoce lo que el Foro Econ\u00f3mico Mundial prev\u00e9 para el futuro del trabajo. Video<\/p>\n\t\t<\/div>\n\t\t\n\t\t<a class=\"elementor-post__read-more\" href=\"https:\/\/eluniversal.tv\/?p=584\" aria-label=\"Read more about Empleos que la IA reemplazar\u00e1 en 2030\" tabindex=\"-1\" >\n\t\t\tLeer m\u00e1s\t\t<\/a>\n\n\t\t\t\t<\/div>\n\t\t\t\t<\/article>\n\t\t\t\t<article class=\"elementor-post elementor-grid-item post-571 post type-post status-publish format-standard has-post-thumbnail hentry category-recetas-universaltv\" role=\"listitem\">\n\t\t\t\t<a class=\"elementor-post__thumbnail__link\" href=\"https:\/\/eluniversal.tv\/?p=571\" tabindex=\"-1\" >\n\t\t\t<div class=\"elementor-post__thumbnail\"><img decoding=\"async\" width=\"300\" height=\"169\" src=\"https:\/\/eluniversal.tv\/wp-content\/uploads\/2025\/01\/1737134628_maxresdefault-300x169.jpg\" class=\"attachment-medium size-medium wp-image-572\" alt=\"\" srcset=\"https:\/\/eluniversal.tv\/wp-content\/uploads\/2025\/01\/1737134628_maxresdefault-300x169.jpg 300w, https:\/\/eluniversal.tv\/wp-content\/uploads\/2025\/01\/1737134628_maxresdefault-1024x576.jpg 1024w, https:\/\/eluniversal.tv\/wp-content\/uploads\/2025\/01\/1737134628_maxresdefault-768x432.jpg 768w, https:\/\/eluniversal.tv\/wp-content\/uploads\/2025\/01\/1737134628_maxresdefault.jpg 1280w\" sizes=\"(max-width: 300px) 100vw, 300px\" \/><\/div>\n\t\t<\/a>\n\t\t\t\t<div class=\"elementor-post__text\">\n\t\t\t\t<h3 class=\"elementor-post__title\">\n\t\t\t<a href=\"https:\/\/eluniversal.tv\/?p=571\" >\n\t\t\t\tMELODIC, escuela de musica online\t\t\t<\/a>\n\t\t<\/h3>\n\t\t\t\t<div class=\"elementor-post__excerpt\">\n\t\t\t<p>\ud83c\udfb6 \u00a1Descubre MELODIC ONLINE! \ud83c\udfb6 \ud83c\udf1f Melodic Online es tu escuela de m\u00fasica en l\u00ednea, dise\u00f1ada para que aprendas a tocar diversos instrumentos desde la comodidad de tu hogar y<\/p>\n\t\t<\/div>\n\t\t\n\t\t<a class=\"elementor-post__read-more\" href=\"https:\/\/eluniversal.tv\/?p=571\" aria-label=\"Read more about MELODIC, escuela de musica online\" tabindex=\"-1\" >\n\t\t\tLeer m\u00e1s\t\t<\/a>\n\n\t\t\t\t<\/div>\n\t\t\t\t<\/article>\n\t\t\t\t<article class=\"elementor-post elementor-grid-item post-569 post type-post status-publish format-standard has-post-thumbnail hentry category-recetas-universaltv\" role=\"listitem\">\n\t\t\t\t<a class=\"elementor-post__thumbnail__link\" href=\"https:\/\/eluniversal.tv\/?p=569\" tabindex=\"-1\" >\n\t\t\t<div class=\"elementor-post__thumbnail\"><img decoding=\"async\" width=\"300\" height=\"225\" src=\"https:\/\/eluniversal.tv\/wp-content\/uploads\/2025\/01\/1736912475_hqdefault-300x225.jpg\" class=\"attachment-medium size-medium wp-image-570\" alt=\"\" srcset=\"https:\/\/eluniversal.tv\/wp-content\/uploads\/2025\/01\/1736912475_hqdefault-300x225.jpg 300w, https:\/\/eluniversal.tv\/wp-content\/uploads\/2025\/01\/1736912475_hqdefault.jpg 480w\" sizes=\"(max-width: 300px) 100vw, 300px\" \/><\/div>\n\t\t<\/a>\n\t\t\t\t<div class=\"elementor-post__text\">\n\t\t\t\t<h3 class=\"elementor-post__title\">\n\t\t\t<a href=\"https:\/\/eluniversal.tv\/?p=569\" >\n\t\t\t\t\ud83c\udf89 \u00a1Gracias al incre\u00edble equipo de TuTarotero! \ud83c\udf89\t\t\t<\/a>\n\t\t<\/h3>\n\t\t\t\t<div class=\"elementor-post__excerpt\">\n\t\t\t<p>Nos complace anunciar que \u00a1ya est\u00e1 disponible la Versi\u00f3n 2.0 de TuTarotero! \ud83d\ude80\u2728 Este gran avance es posible gracias al esfuerzo, dedicaci\u00f3n y talento de nuestro equipo, que trabaj\u00f3 incansablemente<\/p>\n\t\t<\/div>\n\t\t\n\t\t<a class=\"elementor-post__read-more\" href=\"https:\/\/eluniversal.tv\/?p=569\" aria-label=\"Read more about \ud83c\udf89 \u00a1Gracias al incre\u00edble equipo de TuTarotero! \ud83c\udf89\" tabindex=\"-1\" >\n\t\t\tLeer m\u00e1s\t\t<\/a>\n\n\t\t\t\t<\/div>\n\t\t\t\t<\/article>\n\t\t\t\t<article class=\"elementor-post elementor-grid-item post-567 post type-post status-publish format-standard has-post-thumbnail hentry category-recetas-universaltv\" role=\"listitem\">\n\t\t\t\t<a class=\"elementor-post__thumbnail__link\" href=\"https:\/\/eluniversal.tv\/?p=567\" tabindex=\"-1\" >\n\t\t\t<div class=\"elementor-post__thumbnail\"><img loading=\"lazy\" decoding=\"async\" width=\"300\" height=\"169\" src=\"https:\/\/eluniversal.tv\/wp-content\/uploads\/2025\/01\/1736908797_maxresdefault-300x169.jpg\" class=\"attachment-medium size-medium wp-image-568\" alt=\"\" srcset=\"https:\/\/eluniversal.tv\/wp-content\/uploads\/2025\/01\/1736908797_maxresdefault-300x169.jpg 300w, https:\/\/eluniversal.tv\/wp-content\/uploads\/2025\/01\/1736908797_maxresdefault-1024x576.jpg 1024w, https:\/\/eluniversal.tv\/wp-content\/uploads\/2025\/01\/1736908797_maxresdefault-768x432.jpg 768w, https:\/\/eluniversal.tv\/wp-content\/uploads\/2025\/01\/1736908797_maxresdefault.jpg 1280w\" sizes=\"(max-width: 300px) 100vw, 300px\" \/><\/div>\n\t\t<\/a>\n\t\t\t\t<div class=\"elementor-post__text\">\n\t\t\t\t<h3 class=\"elementor-post__title\">\n\t\t\t<a href=\"https:\/\/eluniversal.tv\/?p=567\" >\n\t\t\t\tDescubre tu futuro con TuTarotero\t\t\t<\/a>\n\t\t<\/h3>\n\t\t\t\t<div class=\"elementor-post__excerpt\">\n\t\t\t<p>\u2728 Explora lo que el destino tiene preparado para ti. En TuTarotero encontrar\u00e1s respuestas, gu\u00eda y claridad en cada consulta. \u00bfTienes dudas sobre el amor, la salud o el trabajo?<\/p>\n\t\t<\/div>\n\t\t\n\t\t<a class=\"elementor-post__read-more\" href=\"https:\/\/eluniversal.tv\/?p=567\" aria-label=\"Read more about Descubre tu futuro con TuTarotero\" tabindex=\"-1\" >\n\t\t\tLeer m\u00e1s\t\t<\/a>\n\n\t\t\t\t<\/div>\n\t\t\t\t<\/article>\n\t\t\t\t<article class=\"elementor-post elementor-grid-item post-565 post type-post status-publish format-standard has-post-thumbnail hentry category-recetas-universaltv\" role=\"listitem\">\n\t\t\t\t<a class=\"elementor-post__thumbnail__link\" href=\"https:\/\/eluniversal.tv\/?p=565\" tabindex=\"-1\" >\n\t\t\t<div class=\"elementor-post__thumbnail\"><img loading=\"lazy\" decoding=\"async\" width=\"300\" height=\"169\" src=\"https:\/\/eluniversal.tv\/wp-content\/uploads\/2025\/01\/1736897330_maxresdefault-300x169.jpg\" class=\"attachment-medium size-medium wp-image-566\" alt=\"\" srcset=\"https:\/\/eluniversal.tv\/wp-content\/uploads\/2025\/01\/1736897330_maxresdefault-300x169.jpg 300w, https:\/\/eluniversal.tv\/wp-content\/uploads\/2025\/01\/1736897330_maxresdefault-1024x576.jpg 1024w, https:\/\/eluniversal.tv\/wp-content\/uploads\/2025\/01\/1736897330_maxresdefault-768x432.jpg 768w, https:\/\/eluniversal.tv\/wp-content\/uploads\/2025\/01\/1736897330_maxresdefault.jpg 1280w\" sizes=\"(max-width: 300px) 100vw, 300px\" \/><\/div>\n\t\t<\/a>\n\t\t\t\t<div class=\"elementor-post__text\">\n\t\t\t\t<h3 class=\"elementor-post__title\">\n\t\t\t<a href=\"https:\/\/eluniversal.tv\/?p=565\" >\n\t\t\t\tGRACIAS AL EQUIPO DE TUTAROTERO YA ESTA LA VERSION 2.0\t\t\t<\/a>\n\t\t<\/h3>\n\t\t\t\t<div class=\"elementor-post__excerpt\">\n\t\t\t<p>\ud83c\udf89 \u00a1Gracias al incre\u00edble equipo de TuTarotero! \ud83c\udf89 Nos complace anunciar que \u00a1ya est\u00e1 disponible la Versi\u00f3n 2.0 de TuTarotero! \ud83d\ude80\u2728 Este gran avance es posible gracias al esfuerzo, dedicaci\u00f3n<\/p>\n\t\t<\/div>\n\t\t\n\t\t<a class=\"elementor-post__read-more\" href=\"https:\/\/eluniversal.tv\/?p=565\" aria-label=\"Read more about GRACIAS AL EQUIPO DE TUTAROTERO YA ESTA LA VERSION 2.0\" tabindex=\"-1\" >\n\t\t\tLeer m\u00e1s\t\t<\/a>\n\n\t\t\t\t<\/div>\n\t\t\t\t<\/article>\n\t\t\t\t<article class=\"elementor-post elementor-grid-item post-563 post type-post status-publish format-standard has-post-thumbnail hentry category-recetas-universaltv\" role=\"listitem\">\n\t\t\t\t<a class=\"elementor-post__thumbnail__link\" href=\"https:\/\/eluniversal.tv\/?p=563\" tabindex=\"-1\" >\n\t\t\t<div class=\"elementor-post__thumbnail\"><img loading=\"lazy\" decoding=\"async\" width=\"300\" height=\"225\" src=\"https:\/\/eluniversal.tv\/wp-content\/uploads\/2025\/01\/1736820778_hqdefault-300x225.jpg\" class=\"attachment-medium size-medium wp-image-564\" alt=\"\" srcset=\"https:\/\/eluniversal.tv\/wp-content\/uploads\/2025\/01\/1736820778_hqdefault-300x225.jpg 300w, https:\/\/eluniversal.tv\/wp-content\/uploads\/2025\/01\/1736820778_hqdefault.jpg 480w\" sizes=\"(max-width: 300px) 100vw, 300px\" \/><\/div>\n\t\t<\/a>\n\t\t\t\t<div class=\"elementor-post__text\">\n\t\t\t\t<h3 class=\"elementor-post__title\">\n\t\t\t<a href=\"https:\/\/eluniversal.tv\/?p=563\" >\n\t\t\t\tTuTarotero: Predicci\u00f3n del Dinero con Una Carta\t\t\t<\/a>\n\t\t<\/h3>\n\t\t\t\t<div class=\"elementor-post__excerpt\">\n\t\t\t<p>Consulta de Una Carta para el Dinero En TuTarotero.com, la casa online del tarot, la Consulta de Una Carta para el Dinero es la clave para desentra\u00f1ar el flujo de<\/p>\n\t\t<\/div>\n\t\t\n\t\t<a class=\"elementor-post__read-more\" href=\"https:\/\/eluniversal.tv\/?p=563\" aria-label=\"Read more about TuTarotero: Predicci\u00f3n del Dinero con Una Carta\" tabindex=\"-1\" >\n\t\t\tLeer m\u00e1s\t\t<\/a>\n\n\t\t\t\t<\/div>\n\t\t\t\t<\/article>\n\t\t\t\t<\/div>\n\t\t\n\t\t\t\t\t\t<\/div>\n\t\t\t\t<\/div>\n\t\t\t\t\t<\/div>\n\t\t\t\t<\/div>\n\t\t\t\t<\/div>\n\t\t","protected":false},"excerpt":{"rendered":"<p>RECETAS<\/p>\n","protected":false},"author":1,"featured_media":0,"parent":0,"menu_order":0,"comment_status":"closed","ping_status":"closed","template":"","meta":{"footnotes":""},"class_list":["post-57","page","type-page","status-publish","hentry"],"_links":{"self":[{"href":"https:\/\/eluniversal.tv\/index.php?rest_route=\/wp\/v2\/pages\/57","targetHints":{"allow":["GET"]}}],"collection":[{"href":"https:\/\/eluniversal.tv\/index.php?rest_route=\/wp\/v2\/pages"}],"about":[{"href":"https:\/\/eluniversal.tv\/index.php?rest_route=\/wp\/v2\/types\/page"}],"author":[{"embeddable":true,"href":"https:\/\/eluniversal.tv\/index.php?rest_route=\/wp\/v2\/users\/1"}],"replies":[{"embeddable":true,"href":"https:\/\/eluniversal.tv\/index.php?rest_route=%2Fwp%2Fv2%2Fcomments&post=57"}],"version-history":[{"count":12,"href":"https:\/\/eluniversal.tv\/index.php?rest_route=\/wp\/v2\/pages\/57\/revisions"}],"predecessor-version":[{"id":70,"href":"https:\/\/eluniversal.tv\/index.php?rest_route=\/wp\/v2\/pages\/57\/revisions\/70"}],"wp:attachment":[{"href":"https:\/\/eluniversal.tv\/index.php?rest_route=%2Fwp%2Fv2%2Fmedia&parent=57"}],"curies":[{"name":"wp","href":"https:\/\/api.w.org\/{rel}","templated":true}]}}